{"id":3103,"date":"2020-10-16T06:20:13","date_gmt":"2020-10-16T06:20:13","guid":{"rendered":"https:\/\/hostalpiteus.com\/reservar\/"},"modified":"2020-12-17T20:55:02","modified_gmt":"2020-12-17T20:55:02","slug":"reservar","status":"publish","type":"page","link":"https:\/\/hostalpiteus.com\/ca\/reservar\/","title":{"rendered":"Reservar"},"content":{"rendered":"<div class=\"fusion-fullwidth fullwidth-box fusion-builder-row-1 nonhundred-percent-fullwidth non-hundred-percent-height-scrolling\" style=\"background-color: rgba(255,255,255,0.02);background-position: center center;background-repeat: no-repeat;padding-top:0px;padding-right:0px;padding-bottom:0px;padding-left:0px;margin-bottom: 0px;margin-top: 0px;border-width: 0px 0px 0px 0px;border-color:#eae9e9;border-style:solid;\" ><div class=\"fusion-builder-row fusion-row\"><div class=\"fusion-layout-column fusion_builder_column fusion-builder-column-0 fusion_builder_column_1_1 1_1 fusion-one-full fusion-column-first fusion-column-last\" style=\"margin-top:0px;margin-bottom:0px;\"><div class=\"fusion-column-wrapper fusion-flex-column-wrapper-legacy\" style=\"background-position:left top;background-repeat:no-repeat;-webkit-background-size:cover;-moz-background-size:cover;-o-background-size:cover;background-size:cover;padding: 0px 0px 0px 0px;\"><div class=\"fusion-text fusion-text-1\"><h2 style=\"text-align: center;\"><b>RESERVAR ARA<\/b><\/h2>\n<\/div><div class=\"fusion-content-boxes content-boxes columns row fusion-columns-1 fusion-columns-total-1 fusion-content-boxes-1 content-boxes-timeline-horizontal content-left content-boxes-icon-on-top content-boxes-timeline-layout fusion-delayed-animation\" data-animation-delay=\"350\" data-animationOffset=\"100%\" style=\"margin-top:0px;margin-bottom:60px;\"><style type=\"text\/css\">.fusion-content-boxes-1 .heading .content-box-heading {color:#f3f3f3;}\n\t\t\t\t\t.fusion-content-boxes-1 .fusion-content-box-hover .link-area-link-icon-hover .heading .content-box-heading,\n\t\t\t\t\t.fusion-content-boxes-1 .fusion-content-box-hover .link-area-link-icon-hover .heading .heading-link .content-box-heading,\n\t\t\t\t\t.fusion-content-boxes-1 .fusion-content-box-hover .link-area-box-hover .heading .content-box-heading,\n\t\t\t\t\t.fusion-content-boxes-1 .fusion-content-box-hover .link-area-box-hover .heading .heading-link .content-box-heading,\n\t\t\t\t\t.fusion-content-boxes-1 .fusion-content-box-hover .link-area-link-icon-hover.link-area-box .fusion-read-more,\n\t\t\t\t\t.fusion-content-boxes-1 .fusion-content-box-hover .link-area-link-icon-hover.link-area-box .fusion-read-more::after,\n\t\t\t\t\t.fusion-content-boxes-1 .fusion-content-box-hover .link-area-link-icon-hover.link-area-box .fusion-read-more::before,\n\t\t\t\t\t.fusion-content-boxes-1 .fusion-content-box-hover .fusion-read-more:hover:after,\n\t\t\t\t\t.fusion-content-boxes-1 .fusion-content-box-hover .fusion-read-more:hover:before,\n\t\t\t\t\t.fusion-content-boxes-1 .fusion-content-box-hover .fusion-read-more:hover,\n\t\t\t\t\t.fusion-content-boxes-1 .fusion-content-box-hover .link-area-box-hover.link-area-box .fusion-read-more,\n\t\t\t\t\t.fusion-content-boxes-1 .fusion-content-box-hover .link-area-box-hover.link-area-box .fusion-read-more::after,\n\t\t\t\t\t.fusion-content-boxes-1 .fusion-content-box-hover .link-area-box-hover.link-area-box .fusion-read-more::before,\n\t\t\t\t\t.fusion-content-boxes-1 .fusion-content-box-hover .link-area-link-icon-hover .icon .circle-no,\n\t\t\t\t\t.fusion-content-boxes-1 .heading .heading-link:hover .content-box-heading {\n\t\t\t\t\t\tcolor: #ab8b65;\n\t\t\t\t\t}\n\t\t\t\t\t.fusion-content-boxes-1 .fusion-content-box-hover .link-area-box-hover .icon .circle-no {\n\t\t\t\t\t\tcolor: #ab8b65 !important;\n\t\t\t\t\t}.fusion-content-boxes-1 .fusion-content-box-hover .link-area-box.link-area-box-hover .fusion-content-box-button {background: #e7bb41;color: #f7f7f7;background-image: -webkit-gradient( linear, left bottom, left top, from( #ffb700 ), to( #e7bb41 ) );background-image: linear-gradient( to top, #ffb700, #e7bb41 )}.fusion-content-boxes-1 .fusion-content-box-hover .link-area-box.link-area-box-hover .fusion-content-box-button .fusion-button-text {color: #f7f7f7;}\n\t\t\t\t\t.fusion-content-boxes-1 .fusion-content-box-hover .link-area-link-icon-hover .heading .icon > span {\n\t\t\t\t\t\tbackground-color: #ab8b65 !important;\n\t\t\t\t\t}\n\t\t\t\t\t.fusion-content-boxes-1 .fusion-content-box-hover .link-area-box-hover .heading .icon > span {\n\t\t\t\t\t\tborder-color: #ab8b65 !important;\n\t\t\t\t\t}<\/style><div class=\"fusion-column content-box-column content-box-column content-box-column-1 col-lg-12 col-md-12 col-sm-12 fusion-content-box-hover content-box-column-last content-box-column-last-in-row\"><div class=\"col content-box-wrapper content-wrapper link-area-link-icon icon-hover-animation-fade fusion-animated\" style=\"background-color:transparent;\" data-animationType=\"fadeIn\" data-animationDuration=\"0.25\" data-animationOffset=\"100%\"><div class=\"heading icon-left\"><h2 class=\"content-box-heading\" style=\"font-size:24px;line-height:29px;\">5\u20ac per nit de DESCOMPTE RESERVANT DES DE LA WEB<\/h2><\/div><div class=\"fusion-clearfix\"><\/div><div class=\"content-container\" style=\"color:#747474;\">\n<p style=\"text-align: center;\"><span style=\"color: #f3f3f3;\">CODI PROMOCIONAL: PITEUS<\/span><\/p>\n<\/div><\/div><\/div><style type=\"text\/css\">\n\t\t\t\t\t\t.fusion-content-boxes-1 .fusion-content-box-hover .heading-link:hover .icon i.circle-yes,\n\t\t\t\t\t\t.fusion-content-boxes-1 .fusion-content-box-hover .link-area-box:hover .heading-link .icon i.circle-yes,\n\t\t\t\t\t\t.fusion-content-boxes-1 .fusion-content-box-hover .link-area-link-icon-hover .heading .icon i.circle-yes,\n\t\t\t\t\t\t.fusion-content-boxes-1 .fusion-content-box-hover .link-area-box-hover .heading .icon i.circle-yes {\n\t\t\t\t\t\t\tbackground-color: #ab8b65 !important;\n\t\t\t\t\t\t\tborder-color: #ab8b65 !important;\n\t\t\t\t\t\t}<\/style><div class=\"fusion-clearfix\"><\/div><\/div><div class=\"fusion-text fusion-text-2\"><p><!--\nWuBook Javascript Library\nEventually, put it inside\nyour <head\/> tag\n--><br \/>\n<script src=\"https:\/\/wubook.net\/js\/wblib.jgz\"><\/script><br \/>\n<!-- put the following div where WuBook should be designed. Make sure to preserve the div contents (backlink) --><\/p>\n<div id=\"_wbord_\"><a style=\"display: block; margin-top: 5px; text-decoration: none; border: none;\" href=\"https:\/\/es.wubook.net\/\" target=\"_blank\" rel=\"noopener\"><br \/>\n<img decoding=\"async\" style=\"border: none; text-decoration: none;\" title=\"Soluciones de gesti\u00f3n hotelera\" src=\"https:\/\/wubook.net\/imgs\/default\/booking_by_wu.gif\" alt=\"http:\/\/www.es.wubook.net\/\" \/><br \/>\n<\/a><\/div>\n<p><!-- Initialize the WuBook Object. Collect params settings. Call WuBook.design_rwidget(). Notice WuBook Object provides a lot of interesting features. --><br \/>\n<script>\n  var WuBook= new _WuBook(1603114571);\n  var wbparams= {\n    bordercolor: '#725948',\n    lang: '',\n    buttoncolor: '#725948',\n    failback_lang: 'en',\n    wbgoogle: 1,\n    bgcolor: '#ffffff',\n    dcodeval: '',\n    iconcolor: '#888888',\n    textcolor: '#2c2c2c',\n    default_nights: 1\n  };\n  WuBook.design_rwidget(\"_wbord_\", wbparams);\n<\/script><\/p>\n<\/div><div class=\"fusion-text fusion-text-3\"><h2 style=\"text-align: center;\"><b>SOL\u00b7LICITAR INFORMACI\u00d3, DUDTES O CONSULTES<\/b><\/h2>\n<\/div><div class=\"fusion-sep-clear\"><\/div><div class=\"fusion-separator\" style=\"margin-left: auto;margin-right: auto;margin-top:0px;margin-bottom:20px;width:100%;max-width:100px;\"><div class=\"fusion-separator-border sep-single sep-solid\" style=\"border-color:#cbaa5c;border-top-width:1px;\"><\/div><\/div><div class=\"fusion-sep-clear\"><\/div><div class=\"fusion-text fusion-text-4\"><p style=\"text-align: center;\">Aquest formulari \u00e9s nom\u00e9s per demanar informaci\u00f3, resoldre dubtes o consultes. Per realitzar la reserva utilitzin el bot\u00f3 de dalt &#8220;COMPROVAR DISPONIBILITAT&#8221;..<\/p>\n<\/div>\n<div class=\"wpcf7 no-js\" id=\"wpcf7-f3127-o1\" lang=\"ca\" dir=\"ltr\" data-wpcf7-id=\"3127\">\n<div class=\"screen-reader-response\"><p role=\"status\" aria-live=\"polite\" aria-atomic=\"true\"><\/p> <ul><\/ul><\/div>\n<form action=\"\/ca\/wp-json\/wp\/v2\/pages\/3103#wpcf7-f3127-o1\" method=\"post\" class=\"wpcf7-form init\" aria-label=\"Formulari de contacte\" novalidate=\"novalidate\" data-status=\"init\">\n<fieldset class=\"hidden-fields-container\"><input type=\"hidden\" name=\"_wpcf7\" value=\"3127\" \/><input type=\"hidden\" name=\"_wpcf7_version\" value=\"6.1.5\" \/><input type=\"hidden\" name=\"_wpcf7_locale\" value=\"ca\" \/><input type=\"hidden\" name=\"_wpcf7_unit_tag\" value=\"wpcf7-f3127-o1\" \/><input type=\"hidden\" name=\"_wpcf7_container_post\" value=\"0\" \/><input type=\"hidden\" name=\"_wpcf7_posted_data_hash\" value=\"\" \/>\n<\/fieldset>\n<div class=\"fusion-one-half fusion-layout-column fusion-spacing-yes\">\n\t<p><label><span class=\"wpcf7-form-control-wrap\" data-name=\"nombre\"><input size=\"40\" maxlength=\"400\" class=\"wpcf7-form-control wpcf7-text wpcf7-validates-as-required\" aria-required=\"true\" aria-invalid=\"false\" placeholder=\"Nom\" value=\"\" type=\"text\" name=\"nombre\" \/><\/span><\/label>\n\t<\/p>\n<\/div>\n<div class=\"fusion-one-half fusion-layout-column fusion-column-last fusion-spacing-yes\">\n\t<p><label><span class=\"wpcf7-form-control-wrap\" data-name=\"your-email\"><input size=\"40\" maxlength=\"400\" class=\"wpcf7-form-control wpcf7-email wpcf7-validates-as-required wpcf7-text wpcf7-validates-as-email\" aria-required=\"true\" aria-invalid=\"false\" placeholder=\"email\" value=\"\" type=\"email\" name=\"your-email\" \/><\/span><\/label>\n\t<\/p>\n<\/div>\n<div class=\"fusion-one-half fusion-layout-column fusion-spacing-yes\">\n\t<p><label><span class=\"wpcf7-form-control-wrap\" data-name=\"text-287\"><input size=\"40\" maxlength=\"400\" class=\"wpcf7-form-control wpcf7-text wpcf7-validates-as-required\" aria-required=\"true\" aria-invalid=\"false\" placeholder=\"Tel\u00e8fon\" value=\"\" type=\"text\" name=\"text-287\" \/><\/span><\/label>\n\t<\/p>\n<\/div>\n<div class=\"fusion-one-half fusion-layout-column fusion-column-last fusion-spacing-yes\">\n\t<p><label><span class=\"wpcf7-form-control-wrap\" data-name=\"menu-878\"><select class=\"wpcf7-form-control wpcf7-select wpcf7-validates-as-required\" aria-required=\"true\" aria-invalid=\"false\" name=\"menu-878\"><option value=\"Seleccioneu Allotjament\">Seleccioneu Allotjament<\/option><option value=\"Habitaci\u00f3 Doble d&#039;uso individual\">Habitaci\u00f3 Doble d&#039;uso individual<\/option><option value=\"Habitaci\u00f3 Doble\">Habitaci\u00f3 Doble<\/option><option value=\"Habitaci\u00f3 Triple\">Habitaci\u00f3 Triple<\/option><option value=\"Aparthotel Busa 1 habitaci\u00f3\">Aparthotel Busa 1 habitaci\u00f3<\/option><option value=\"Aparthotel Cod\u00f3 2 habitacions\">Aparthotel Cod\u00f3 2 habitacions<\/option><option value=\"Aparthotel l&#039;Urdet 1 habitaci\u00f3\">Aparthotel l&#039;Urdet 1 habitaci\u00f3<\/option><option value=\"Aparthotel Perxe 2 habitacions\">Aparthotel Perxe 2 habitacions<\/option><option value=\"Apartament Piteus Centre 3 habitacions\">Apartament Piteus Centre 3 habitacions<\/option><option value=\"Apartament Casa Dion\u00eds 1 habitaci\u00f3\">Apartament Casa Dion\u00eds 1 habitaci\u00f3<\/option><option value=\"Apartament Casa Dion\u00eds 2 habitacions\">Apartament Casa Dion\u00eds 2 habitacions<\/option><option value=\"Apartament Casa Dion\u00eds 3 habitacions\">Apartament Casa Dion\u00eds 3 habitacions<\/option><\/select><\/span><\/label>\n\t<\/p>\n<\/div>\n<div class=\"fusion-one-half fusion-layout-column fusion-spacing-yes\">\n\t<p><label><span class=\"wpcf7-form-control-wrap\" data-name=\"adultos\"><select class=\"wpcf7-form-control wpcf7-select wpcf7-validates-as-required\" aria-required=\"true\" aria-invalid=\"false\" name=\"adultos\"><option value=\"Adults\">Adults<\/option><option value=\"1\">1<\/option><option value=\"2\">2<\/option><option value=\"3\">3<\/option><option value=\"4\">4<\/option><option value=\"5\">5<\/option><option value=\"6\">6<\/option><option value=\"7\">7<\/option><option value=\"8\">8<\/option><option value=\"9\">9<\/option><option value=\"10\">10<\/option><\/select><\/span><\/label>\n\t<\/p>\n<\/div>\n<div class=\"fusion-one-half fusion-layout-column fusion-column-last fusion-spacing-yes\">\n\t<p><label><span class=\"wpcf7-form-control-wrap\" data-name=\"ninos\"><select class=\"wpcf7-form-control wpcf7-select\" aria-invalid=\"false\" name=\"ninos\"><option value=\"Nens\">Nens<\/option><option value=\"1\">1<\/option><option value=\"2\">2<\/option><option value=\"3\">3<\/option><option value=\"4\">4<\/option><option value=\"5\">5<\/option><\/select><\/span><\/label>\n\t<\/p>\n<\/div>\n<div class=\"fusion-one-half fusion-layout-column fusion-spacing-yes\">\n\t<p><label>Data entrada<span class=\"wpcf7-form-control-wrap\" data-name=\"entrada\"><input class=\"wpcf7-form-control wpcf7-date wpcf7-validates-as-required wpcf7-validates-as-date\" aria-required=\"true\" aria-invalid=\"false\" value=\"Fecha entrada\" type=\"date\" name=\"entrada\" \/><\/span><\/label>\n\t<\/p>\n<\/div>\n<div class=\"fusion-one-half fusion-layout-column fusion-column-last fusion-spacing-yes\">\n\t<p><label>Data sortida<span class=\"wpcf7-form-control-wrap\" data-name=\"salida\"><input class=\"wpcf7-form-control wpcf7-date wpcf7-validates-as-required wpcf7-validates-as-date\" aria-required=\"true\" aria-invalid=\"false\" value=\"Fecha salida\" type=\"date\" name=\"salida\" \/><\/span><\/label>\n\t<\/p>\n<\/div>\n<p><span class=\"wpcf7-form-control-wrap\" data-name=\"your-message\"><textarea cols=\"40\" rows=\"10\" maxlength=\"2000\" class=\"wpcf7-form-control wpcf7-textarea\" aria-invalid=\"false\" placeholder=\"Qualsevol petici\u00f3 especial?\" name=\"your-message\"><\/textarea><\/span>\n<\/p>\n<p><span class=\"wpcf7-form-control-wrap\" data-name=\"acceptance-78\"><span class=\"wpcf7-form-control wpcf7-acceptance\"><span class=\"wpcf7-list-item\"><input type=\"checkbox\" name=\"acceptance-78\" value=\"1\" aria-invalid=\"false\" \/><\/span><\/span><\/span> Enviar aquest formulari indica que s'ha llegit i s'accepta expressament <a href=\"https:\/\/hostalpiteus.com\/aviso-legal-y-politica-de-privacidad\/\" target=\"_blak\">la pol\u00edtica de privacitat.<\/a>\n<\/p>\n<p><input class=\"wpcf7-form-control wpcf7-submit has-spinner\" type=\"submit\" value=\"Enviar\" \/>\n<\/p><div class=\"fusion-alert alert custom alert-custom fusion-alert-center wpcf7-response-output fusion-alert-capitalize alert-dismissable\" style=\"border-width:1px;\"><button type=\"button\" class=\"close toggle-alert\" data-dismiss=\"alert\" aria-hidden=\"true\">&times;<\/button><div class=\"fusion-alert-content-wrapper\"><span class=\"fusion-alert-content\"><\/span><\/div><\/div>\n<\/form>\n<\/div>\n<div class=\"fusion-clearfix\"><\/div><\/div><\/div><\/div><\/div>\n","protected":false},"excerpt":{"rendered":"","protected":false},"author":1,"featured_media":0,"parent":0,"menu_order":0,"comment_status":"closed","ping_status":"closed","template":"","meta":{"footnotes":""},"class_list":["post-3103","page","type-page","status-publish","hentry"],"yoast_head":"<!-- This site is optimized with the Yoast SEO plugin v27.5 - https:\/\/yoast.com\/product\/yoast-seo-wordpress\/ -->\n<title>Reservar - Hostel Piteus - Spa - Apartamentos de montaa<\/title>\n<meta name=\"robots\" content=\"index, follow, max-snippet:-1, max-image-preview:large, max-video-preview:-1\" \/>\n<link rel=\"canonical\" href=\"https:\/\/hostalpiteus.com\/reservar\/\" \/>\n<meta property=\"og:locale\" content=\"ca_ES\" \/>\n<meta property=\"og:type\" content=\"article\" \/>\n<meta property=\"og:title\" content=\"Reservar - Hostel Piteus - Spa - Apartamentos de montaa\" \/>\n<meta property=\"og:url\" content=\"https:\/\/hostalpiteus.com\/reservar\/\" \/>\n<meta property=\"og:site_name\" content=\"Hostel Piteus - Spa - Apartamentos de montaa\" \/>\n<meta property=\"article:publisher\" content=\"https:\/\/www.facebook.com\/hotelpiteusapartaments\" \/>\n<meta property=\"article:modified_time\" content=\"2020-12-17T20:55:02+00:00\" \/>\n<meta property=\"og:image\" content=\"https:\/\/wubook.net\/imgs\/default\/booking_by_wu.gif\" \/>\n<meta name=\"twitter:card\" content=\"summary_large_image\" \/>\n<meta name=\"twitter:label1\" content=\"Temps estimat de lectura\" \/>\n\t<meta name=\"twitter:data1\" content=\"3 minuts\" \/>\n<script type=\"application\/ld+json\" class=\"yoast-schema-graph\">{\"@context\":\"https:\\\/\\\/schema.org\",\"@graph\":[{\"@type\":\"WebPage\",\"@id\":\"https:\\\/\\\/hostalpiteus.com\\\/reservar\\\/\",\"url\":\"https:\\\/\\\/hostalpiteus.com\\\/reservar\\\/\",\"name\":\"Reservar - Hostel Piteus - Spa - Apartamentos de montaa\",\"isPartOf\":{\"@id\":\"https:\\\/\\\/hostalpiteus.com\\\/#website\"},\"primaryImageOfPage\":{\"@id\":\"https:\\\/\\\/hostalpiteus.com\\\/reservar\\\/#primaryimage\"},\"image\":{\"@id\":\"https:\\\/\\\/hostalpiteus.com\\\/reservar\\\/#primaryimage\"},\"thumbnailUrl\":\"https:\\\/\\\/wubook.net\\\/imgs\\\/default\\\/booking_by_wu.gif\",\"datePublished\":\"2020-10-16T06:20:13+00:00\",\"dateModified\":\"2020-12-17T20:55:02+00:00\",\"breadcrumb\":{\"@id\":\"https:\\\/\\\/hostalpiteus.com\\\/reservar\\\/#breadcrumb\"},\"inLanguage\":\"ca\",\"potentialAction\":[{\"@type\":\"ReadAction\",\"target\":[\"https:\\\/\\\/hostalpiteus.com\\\/reservar\\\/\"]}]},{\"@type\":\"ImageObject\",\"inLanguage\":\"ca\",\"@id\":\"https:\\\/\\\/hostalpiteus.com\\\/reservar\\\/#primaryimage\",\"url\":\"https:\\\/\\\/wubook.net\\\/imgs\\\/default\\\/booking_by_wu.gif\",\"contentUrl\":\"https:\\\/\\\/wubook.net\\\/imgs\\\/default\\\/booking_by_wu.gif\"},{\"@type\":\"BreadcrumbList\",\"@id\":\"https:\\\/\\\/hostalpiteus.com\\\/reservar\\\/#breadcrumb\",\"itemListElement\":[{\"@type\":\"ListItem\",\"position\":1,\"name\":\"Portada\",\"item\":\"https:\\\/\\\/hostalpiteus.com\\\/\"},{\"@type\":\"ListItem\",\"position\":2,\"name\":\"Reservar\"}]},{\"@type\":\"WebSite\",\"@id\":\"https:\\\/\\\/hostalpiteus.com\\\/#website\",\"url\":\"https:\\\/\\\/hostalpiteus.com\\\/\",\"name\":\"Hotel Piteus en la Vall de Lord en Lleida\",\"description\":\"Hotel Piteus, spa, apartaments de muntanya a Sant Lloren\u00e7 de Morunys, Solson\u00e8s la Vall de Lord story, beautifully told - Created with WordPress managed by IONOS\",\"publisher\":{\"@id\":\"https:\\\/\\\/hostalpiteus.com\\\/#organization\"},\"alternateName\":\"Hotel Piteus\",\"potentialAction\":[{\"@type\":\"SearchAction\",\"target\":{\"@type\":\"EntryPoint\",\"urlTemplate\":\"https:\\\/\\\/hostalpiteus.com\\\/?s={search_term_string}\"},\"query-input\":{\"@type\":\"PropertyValueSpecification\",\"valueRequired\":true,\"valueName\":\"search_term_string\"}}],\"inLanguage\":\"ca\"},{\"@type\":\"Organization\",\"@id\":\"https:\\\/\\\/hostalpiteus.com\\\/#organization\",\"name\":\"Hotel Piteus en la Vall de Lord en Lleida\",\"alternateName\":\"Hotel Piteus\",\"url\":\"https:\\\/\\\/hostalpiteus.com\\\/\",\"logo\":{\"@type\":\"ImageObject\",\"inLanguage\":\"ca\",\"@id\":\"https:\\\/\\\/hostalpiteus.com\\\/#\\\/schema\\\/logo\\\/image\\\/\",\"url\":\"https:\\\/\\\/hostalpiteus.com\\\/wp-content\\\/uploads\\\/2024\\\/06\\\/Hotel-Piteus-en-la-Vall-de-Lord-en-Lleida-logo.jpg\",\"contentUrl\":\"https:\\\/\\\/hostalpiteus.com\\\/wp-content\\\/uploads\\\/2024\\\/06\\\/Hotel-Piteus-en-la-Vall-de-Lord-en-Lleida-logo.jpg\",\"width\":643,\"height\":643,\"caption\":\"Hotel Piteus en la Vall de Lord en Lleida\"},\"image\":{\"@id\":\"https:\\\/\\\/hostalpiteus.com\\\/#\\\/schema\\\/logo\\\/image\\\/\"},\"sameAs\":[\"https:\\\/\\\/www.facebook.com\\\/hotelpiteusapartaments\",\"https:\\\/\\\/www.instagram.com\\\/hotelpiteus_apartaments\\\/\"]}]}<\/script>\n<!-- \/ Yoast SEO plugin. -->","yoast_head_json":{"title":"Reservar - Hostel Piteus - Spa - Apartamentos de montaa","robots":{"index":"index","follow":"follow","max-snippet":"max-snippet:-1","max-image-preview":"max-image-preview:large","max-video-preview":"max-video-preview:-1"},"canonical":"https:\/\/hostalpiteus.com\/reservar\/","og_locale":"ca_ES","og_type":"article","og_title":"Reservar - Hostel Piteus - Spa - Apartamentos de montaa","og_url":"https:\/\/hostalpiteus.com\/reservar\/","og_site_name":"Hostel Piteus - Spa - Apartamentos de montaa","article_publisher":"https:\/\/www.facebook.com\/hotelpiteusapartaments","article_modified_time":"2020-12-17T20:55:02+00:00","og_image":[{"url":"https:\/\/wubook.net\/imgs\/default\/booking_by_wu.gif","type":"","width":"","height":""}],"twitter_card":"summary_large_image","twitter_misc":{"Temps estimat de lectura":"3 minuts"},"schema":{"@context":"https:\/\/schema.org","@graph":[{"@type":"WebPage","@id":"https:\/\/hostalpiteus.com\/reservar\/","url":"https:\/\/hostalpiteus.com\/reservar\/","name":"Reservar - Hostel Piteus - Spa - Apartamentos de montaa","isPartOf":{"@id":"https:\/\/hostalpiteus.com\/#website"},"primaryImageOfPage":{"@id":"https:\/\/hostalpiteus.com\/reservar\/#primaryimage"},"image":{"@id":"https:\/\/hostalpiteus.com\/reservar\/#primaryimage"},"thumbnailUrl":"https:\/\/wubook.net\/imgs\/default\/booking_by_wu.gif","datePublished":"2020-10-16T06:20:13+00:00","dateModified":"2020-12-17T20:55:02+00:00","breadcrumb":{"@id":"https:\/\/hostalpiteus.com\/reservar\/#breadcrumb"},"inLanguage":"ca","potentialAction":[{"@type":"ReadAction","target":["https:\/\/hostalpiteus.com\/reservar\/"]}]},{"@type":"ImageObject","inLanguage":"ca","@id":"https:\/\/hostalpiteus.com\/reservar\/#primaryimage","url":"https:\/\/wubook.net\/imgs\/default\/booking_by_wu.gif","contentUrl":"https:\/\/wubook.net\/imgs\/default\/booking_by_wu.gif"},{"@type":"BreadcrumbList","@id":"https:\/\/hostalpiteus.com\/reservar\/#breadcrumb","itemListElement":[{"@type":"ListItem","position":1,"name":"Portada","item":"https:\/\/hostalpiteus.com\/"},{"@type":"ListItem","position":2,"name":"Reservar"}]},{"@type":"WebSite","@id":"https:\/\/hostalpiteus.com\/#website","url":"https:\/\/hostalpiteus.com\/","name":"Hotel Piteus en la Vall de Lord en Lleida","description":"Hotel Piteus, spa, apartaments de muntanya a Sant Lloren\u00e7 de Morunys, Solson\u00e8s la Vall de Lord story, beautifully told - Created with WordPress managed by IONOS","publisher":{"@id":"https:\/\/hostalpiteus.com\/#organization"},"alternateName":"Hotel Piteus","potentialAction":[{"@type":"SearchAction","target":{"@type":"EntryPoint","urlTemplate":"https:\/\/hostalpiteus.com\/?s={search_term_string}"},"query-input":{"@type":"PropertyValueSpecification","valueRequired":true,"valueName":"search_term_string"}}],"inLanguage":"ca"},{"@type":"Organization","@id":"https:\/\/hostalpiteus.com\/#organization","name":"Hotel Piteus en la Vall de Lord en Lleida","alternateName":"Hotel Piteus","url":"https:\/\/hostalpiteus.com\/","logo":{"@type":"ImageObject","inLanguage":"ca","@id":"https:\/\/hostalpiteus.com\/#\/schema\/logo\/image\/","url":"https:\/\/hostalpiteus.com\/wp-content\/uploads\/2024\/06\/Hotel-Piteus-en-la-Vall-de-Lord-en-Lleida-logo.jpg","contentUrl":"https:\/\/hostalpiteus.com\/wp-content\/uploads\/2024\/06\/Hotel-Piteus-en-la-Vall-de-Lord-en-Lleida-logo.jpg","width":643,"height":643,"caption":"Hotel Piteus en la Vall de Lord en Lleida"},"image":{"@id":"https:\/\/hostalpiteus.com\/#\/schema\/logo\/image\/"},"sameAs":["https:\/\/www.facebook.com\/hotelpiteusapartaments","https:\/\/www.instagram.com\/hotelpiteus_apartaments\/"]}]}},"_links":{"self":[{"href":"https:\/\/hostalpiteus.com\/ca\/wp-json\/wp\/v2\/pages\/3103","targetHints":{"allow":["GET"]}}],"collection":[{"href":"https:\/\/hostalpiteus.com\/ca\/wp-json\/wp\/v2\/pages"}],"about":[{"href":"https:\/\/hostalpiteus.com\/ca\/wp-json\/wp\/v2\/types\/page"}],"author":[{"embeddable":true,"href":"https:\/\/hostalpiteus.com\/ca\/wp-json\/wp\/v2\/users\/1"}],"replies":[{"embeddable":true,"href":"https:\/\/hostalpiteus.com\/ca\/wp-json\/wp\/v2\/comments?post=3103"}],"version-history":[{"count":16,"href":"https:\/\/hostalpiteus.com\/ca\/wp-json\/wp\/v2\/pages\/3103\/revisions"}],"predecessor-version":[{"id":3304,"href":"https:\/\/hostalpiteus.com\/ca\/wp-json\/wp\/v2\/pages\/3103\/revisions\/3304"}],"wp:attachment":[{"href":"https:\/\/hostalpiteus.com\/ca\/wp-json\/wp\/v2\/media?parent=3103"}],"curies":[{"name":"wp","href":"https:\/\/api.w.org\/{rel}","templated":true}]}}