{"id":3265,"date":"2020-12-17T18:12:11","date_gmt":"2020-12-17T18:12:11","guid":{"rendered":"https:\/\/hostalpiteus.com\/avis-legal-i-politica-de-privacitat\/"},"modified":"2020-12-17T18:12:11","modified_gmt":"2020-12-17T18:12:11","slug":"avis-legal-i-politica-de-privacitat","status":"publish","type":"page","link":"https:\/\/hostalpiteus.com\/ca\/avis-legal-i-politica-de-privacitat\/","title":{"rendered":"Av\u00eds legal i pol\u00edtica de privacitat"},"content":{"rendered":"<b>AV\u00cdS<\/b><strong>\u00a0LEGAL<\/strong>\r\n\r\nAquesta p\u00e0gina web es propietat de Piteu, SL amb NIF n\u00fam B25293689 i domicili en Carretera Berga, s \/ n 25282 Sant Lloren\u00e7 de Morunys (LLEIDA) i Inscrita al Registre Mercantil de la prov\u00edncia de Lleida, al volum 150, foli 60, full L-2.774, inscripci\u00f3 6\u00aa.\r\n\r\nPer a qualsevol consulta o proposta, contacti&#8217;ns en l&#8217;e-mail: info@hostalpiteus.com\r\n\r\n\r\nAquesta p\u00e0gina Web es regeix per la normativa exclusivament aplicable a Espanya, quedant sotmesa a ella, tant nacionals com estrangers que utilitzin aquesta Web.\r\n\r\nL&#8217;acc\u00e9s a la nostra p\u00e0gina Web per part de l&#8217;USUARI \u00e9s gratu\u00eft i est\u00e0 condicionat a la pr\u00e8via lectura i acceptaci\u00f3 \u00edntegra, expressa i sense reserves de les presents CONDICIONS GENERALS D&#8217;\u00daS vigents en el moment de l&#8217;acc\u00e9s, que preguem llegeixi detingudament. L&#8217;USUARI al moment que utilitza el nostre portal, els seus continguts o serveis, accepta i se sotmet expressament a les condicions generals d&#8217;\u00fas de la mateixa. Si l&#8217;usuari no estigu\u00e9s d&#8217;acord amb les presents condicions d&#8217;\u00fas, s&#8217;haur\u00e0 d&#8217;abstenir d&#8217;utilitzar aquest portal i operar per mitj\u00e0 del mateix.\r\n\r\nEn qualsevol moment podrem modificar la presentaci\u00f3 i configuraci\u00f3 de la nostra Web, ampliar o reduir serveis i, fins i tot, suprimir-la de la Xarxa aix\u00ed com els serveis i continguts prestats, tot aix\u00f2 de forma unilateral i sense previ av\u00eds.\r\n\r\nPROPIETAT INTEL\u00b7LECTUAL\r\n\r\nTots els continguts, textos, imatges, marques i codis font s\u00f3n de la nostra propietat o de tercers als quals s&#8217;han adquirit els seus drets d&#8217;explotaci\u00f3, i estan protegits pels drets de Propietat Intel\u00b7lectual i Industrial.\r\n\r\nL&#8217;usuari \u00fanicament t\u00e9 dret a un \u00fas privat dels mateixos, sense \u00e0nim de lucre, i necessita autoritzaci\u00f3 expressa per modificar-los, reproduir-los, explotar-los, distribuir-los o exercir qualsevol dret pertanyent al seu titular.\r\n\r\nCondicions d&#8217;acc\u00e9s\r\n\r\nL&#8217;acc\u00e9s a la nostra p\u00e0gina web \u00e9s gratu\u00eft i no exigeix \u200b\u200bpr\u00e8via subscripci\u00f3 o registre.\r\n\r\nL&#8217;enviament de dades personals implica l&#8217;acceptaci\u00f3 expressa per part de l&#8217;USUARI de la nostra pol\u00edtica de privacitat.\r\n\r\nL&#8217;usuari ha d&#8217;accedir a la nostra p\u00e0gina web conforme a la bona fe, les normes d&#8217;ordre p\u00fablic ia les presents Condicions Generals d&#8217;\u00fas. L&#8217;acc\u00e9s al nostre lloc web es realitza sota la pr\u00f2pia i exclusiva responsabilitat de l&#8217;usuari, que respondr\u00e0 en tot cas dels danys i perjudicis que pugui causar a tercers oa nosaltres mateixos.\r\n\r\nTenint en compte la impossibilitat de control respecte a la informaci\u00f3, continguts i serveis que continguin altres p\u00e0gines web als quals es pugui accedir a trav\u00e9s dels enlla\u00e7os que la nostra p\u00e0gina web pugui posar a la seva disposici\u00f3, li comuniquem que vam quedar eximits de qualsevol responsabilitat per els danys i perjudicis de tota classe que poguessin derivar per la utilitzaci\u00f3 d&#8217;aquestes p\u00e0gines web alienes a la nostra empresa, per part de l&#8217;usuari.\r\n\r\n<strong>Protecci\u00f3 de Dades<\/strong>\r\n\r\nCom a conseq\u00fc\u00e8ncia de la navegaci\u00f3 a la web i de l&#8217;emplenament dels formularis del web, l&#8217;usuari accepta que les dades personals per ell facilitades o que es facilitin en el futur a trav\u00e9s d&#8217;aquest servei, siguin objecte de tractament en fitxers de dades de car\u00e0cter personal de l&#8217;establiment, incloent la recopilaci\u00f3 de dades d&#8217;acc\u00e9s i la utilitzaci\u00f3 de cookies i funcions proporcionades per tercers.\r\n\r\n<strong>Finalitat del tractament, base legal i destinataris de la informaci\u00f3<\/strong>\r\n\r\nLes dades s&#8217;utilitzen per:\r\n\u2022 Permetre el funcionament del web\r\n\u2022 Registrar i atendre les sol\u00b7licituds realitzades pels usuaris a trav\u00e9s dels formularis del web\r\n\u2022 La prestaci\u00f3 i administraci\u00f3 dels serveis de l&#8217;hotel, la tramitaci\u00f3 de reserves i el cobrament\r\n\u2022 Elaborar anal\u00edtiques web i estad\u00edstiques\r\n\u2022 Incloure funcions proporcionades per tercers (Google Maps, etc)\r\n\r\nNavegaci\u00f3 a la web i acc\u00e9s a \u00e0rees per a usuaris registrats\r\n\r\n\u2022 Finalitat: es tracten les dades necess\u00e0ries per a la provisi\u00f3 dels serveis en l\u00ednia, incloent el registre d&#8217;adreces IP, p\u00e0gines visitades i data d&#8217;acc\u00e9s, aix\u00ed com informaci\u00f3 sobre el terminal de l&#8217;usuari. Les dades tamb\u00e9 es tracten per a fins de seguretat i de millora del web.\r\n\u2022 Legitimaci\u00f3: el tractament de les dades \u00e9s necessari per a la provisi\u00f3 dels serveis en l\u00ednia; consentiment, expressat a trav\u00e9s de la utilitzaci\u00f3 del web\r\n\u2022 Destinataris i transfer\u00e8ncies: establiment, empreses d&#8217;allotjament web\r\n\r\nUtilitzaci\u00f3 dels formularis del web\r\n\r\n\u2022 Finalitat: atendre les sol\u00b7licituds realitzades a trav\u00e9s dels formularis web.\r\n\u2022 Legitimaci\u00f3: consentiment expressat a l&#8217;utilitzar i enviar el formulari.\r\n\u2022 Destinataris i transfer\u00e8ncies: establiment i empreses involucrades en prestar els serveis sol\u00b7licitats\r\n\r\nPrestaci\u00f3 de serveis\r\n\r\n\u2022 Finalitat: prestar els serveis incloent gesti\u00f3 de reserves hoteleres i pagament. Enviar informaci\u00f3 sobre els serveis de l&#8217;establiment per mitjans electr\u00f2nics. Enquestes de qualitat.\r\n\u2022 Legitimaci\u00f3: execuci\u00f3 de l&#8217;contracte o prestaci\u00f3 de servei.\r\n\u2022 Destinataris i transfer\u00e8ncies: establiment i empreses involucrades en prestar els serveis sol\u00b7licitats\r\n\r\nanal\u00edtiques web\r\n\r\n\u2022 Finalitat: con\u00e8ixer la manera en que el web \u00e9s buscada, accedida i utilitzada pel p\u00fablic. Poden implicar la recopilaci\u00f3 de dades de car\u00e0cter personal com ara l&#8217;adre\u00e7a IP, la localitzaci\u00f3 de la connexi\u00f3, la informaci\u00f3 sobre el programari o maquinari de navegaci\u00f3, etc.\r\n\u2022 Legitimaci\u00f3: consentiment, expressat a trav\u00e9s de la utilitzaci\u00f3 del web\r\n\u2022 Destinataris i transfer\u00e8ncies: establiment\r\n\r\nFuncions proporcionades tercers\r\n\r\n\u2022 Finalitat: incorporar funcions proporcionats per tercers, com mapes, anal\u00edtiques, botons socials, giny de xat Zendesk, etc.\r\n\u2022 Legitimaci\u00f3: consentiment, expressat a trav\u00e9s de la utilitzaci\u00f3 del web\r\n\u2022 Destinataris i transfer\u00e8ncies: Les funcions de tercers estableixen una connexi\u00f3 directa entre el navegador del l&#8217;usuari i els dominis d&#8217;Internet dels tercers, permetent la desc\u00e0rrega i execuci\u00f3 de la funci\u00f3, inclusivament des de p\u00e0gines fora de l&#8217;Espai Econ\u00f2mic Europeu.\r\n\r\n\r\nAquest web integra funcions de Google Inc, com Google Analytics i Google Maps. A l&#8217;utilitzar aquest web l&#8217;usuari autoritza el tractament de les seves dades per Google conforme el que estableix la seva pol\u00edtica de privacitat:\r\nhttps:\/\/policies.google.com\/privacy\r\n\r\n<strong>Veracitat de les dades<\/strong>\r\n\r\nL&#8217;usuari ha d&#8217;omplir els formularis amb dades veritables, exactes, completes i actuals. L&#8217;usuari no introduir\u00e0 dades corresponents a una altra persona; es presumeix que les dades han estat facilitades pel titular dels mateixos. L&#8217;usuari ser\u00e0 l&#8217;\u00fanic responsable de qualsevol dany o perjudici, directe o indirecte que pogu\u00e9s ocasionar a qualsevol persona a causa de l&#8217;emplenament del formulari amb dades relatives a una altra persona.\r\n\r\n<strong>Derts d&#8217;acc\u00e8sde, rectificaci\u00f3, supressi\u00f3, oposici\u00f3 i altres<\/strong>\r\n\r\nEl titular de les dades t\u00e9 en tot moment el dret d&#8217;accedir, rectificar, i suprimir les dades que el concerneixen, aix\u00ed com oposar-se a el tractament de les seves dades, en els termes recollits en la legislaci\u00f3 de protecci\u00f3 de dades. Tamb\u00e9 t\u00e9 dret a sol\u00b7licitar: la portabilitat de les seves dades, la revocaci\u00f3 de l&#8217;consentiment prestat, si s&#8217;escau i la limitaci\u00f3 de l&#8217;tractament.\r\nEl titular de les dades pot exercir aquests drets mitjan\u00e7ant escrit dirigit per correu postal a l&#8217;establiment.\r\nEl sol\u00b7licitant ha d&#8217;incloure aquesta comunicaci\u00f3 sol\u00b7licitud signada indicant l&#8217;actuaci\u00f3 que se sol\u00b7licita i fotoc\u00f2pia de l&#8217;DNI o passaport.\r\nEl titular de les dades tamb\u00e9 pot oposar-se a la recepci\u00f3 d&#8217;e-mails comercials, per a aix\u00f2 n&#8217;hi haur\u00e0 prou que ho sol\u00b7liciti mitjan\u00e7ant un correu electr\u00f2nic enviat des de la direcci\u00f3 que vol donar de baixa i dirigit a l&#8217;establiment.\r\nEl titular de les dades, si considera que el tractament de les seves dades infringeix la legislaci\u00f3 de protecci\u00f3 de dades, pot realitzar una queixa davant les autoritats de control de protecci\u00f3 de dades.\r\n\r\n<strong>Menors d&#8217;edat<\/strong>\r\n\r\nEs prohibeix la utilitzaci\u00f3 dels serveis web a persones menors de 18 anys.\r\n\r\n<strong>Seguretat de les dades<\/strong>\r\n\r\nAquest web t\u00e9 una de les tecnologies m\u00e9s segures pel que fa a la protecci\u00f3 de dades de la targeta de cr\u00e8dit es refereix. Aix\u00ed mateix, compleix totes les normes internacionals que legislen la mat\u00e8ria. Tots els apartats on vam sol\u00b7licitar informaci\u00f3 sensible utilitzen el protocol de comunicaci\u00f3 SSL. Aix\u00f2 vol dir que la informaci\u00f3 que viatja a trav\u00e9s d&#8217;Internet des del seu ordinador fins al nostre servidor ho fa codificada, fent-los indesxifrables a qualsevol persona aliena. Aquesta tecnologia assegura i garanteix, que les seves dades no podran ser interceptats, manipulats o suplantats, de cap manera. D&#8217;aquesta manera el pagament a trav\u00e9s d&#8217;Internet \u00e9s avui dia tan segur com la compra directa.\r\n\r\n<strong>\u00bfQu\u00e8 significa SSL?<\/strong>\r\n\r\n\r\nEl SSL (Secure Socket Layer) \u00e9s una tecnologia est\u00e0ndard de seguretat a Internet. Aplica un sistema d&#8217;encriptaci\u00f3 (codificaci\u00f3) que proporciona la m\u00e0xima confidencialitat de les dades que ens transmeten. Aix\u00ed s&#8217;impedeix l&#8217;entrada il\u00b7l\u00edcita o intercepci\u00f3 en un sistema mentre les dades circulen per Internet. Per a m\u00e9s seguretat, aquestes dades s&#8217;emmagatzemen en un servidor segur protegit per un &#8220;tallafocs&#8221; en cont\u00ednua vigil\u00e0ncia.\r\n\r\nA posar a disposici\u00f3 de l&#8217;usuari aquesta p\u00e0gina Web volem oferir-li un servei de qualitat, utilitzant la m\u00e0xima dilig\u00e8ncia en la prestaci\u00f3 del mateix, aix\u00ed com en els mitjans tecnol\u00f2gics utilitzats. No obstant aix\u00f2, no respondrem de la pres\u00e8ncia de virus i altres elements que d&#8217;alguna manera puguin danyar el sistema inform\u00e0tic de l&#8217;usuari.\r\n\r\nNo garantim que la disponibilitat de el servei sigui cont\u00ednua i ininterrompuda.\r\n\r\nL&#8217;usuari t\u00e9 prohibit qualsevol tipus d&#8217;acci\u00f3 sobre el nostre portal que origini una excessiva sobrec\u00e0rrega de funcionament als nostres sistemes inform\u00e0tics, aix\u00ed com la introducci\u00f3 de virus, o instal\u00b7laci\u00f3 de robots o programari que alteri el normal funcionament de la nostra web, o en definitiva pugui causar danys als nostres sistemes inform\u00e0tics.\r\n\r\nL&#8217;usuari assumeix tota la responsabilitat derivada de l&#8217;\u00fas de la nostra p\u00e0gina web.\r\n\r\nL&#8217;USUARI reconeix que ha ent\u00e8s tota la informaci\u00f3 respecte a les condicions d&#8217;\u00fas del nostre portal, i reconeix que s\u00f3n suficients per a l&#8217;exclusi\u00f3 de l&#8217;error en les mateixes, i per tant, les accepta integra i expressament.\r\n\r\n<!-- \/wp:post-content -->","protected":false},"excerpt":{"rendered":"<p>AV\u00cdS\u00a0LEGAL Aquesta p\u00e0gina web es propietat de Piteu, SL amb [&hellip;]<\/p>\n","protected":false},"author":1,"featured_media":0,"parent":0,"menu_order":0,"comment_status":"closed","ping_status":"open","template":"","meta":{"footnotes":""},"class_list":["post-3265","page","type-page","status-publish","hentry"],"yoast_head":"<!-- This site is optimized with the Yoast SEO plugin v27.5 - https:\/\/yoast.com\/product\/yoast-seo-wordpress\/ -->\n<title>Av\u00eds legal i pol\u00edtica de privacitat - Hostel Piteus - Spa - Apartamentos de montaa<\/title>\n<meta name=\"robots\" content=\"index, follow, max-snippet:-1, max-image-preview:large, max-video-preview:-1\" \/>\n<link rel=\"canonical\" href=\"https:\/\/hostalpiteus.com\/aviso-legal-y-politica-de-privacidad\/\" \/>\n<meta property=\"og:locale\" content=\"ca_ES\" \/>\n<meta property=\"og:type\" content=\"article\" \/>\n<meta property=\"og:title\" content=\"Av\u00eds legal i pol\u00edtica de privacitat - Hostel Piteus - Spa - Apartamentos de montaa\" \/>\n<meta property=\"og:description\" content=\"AV\u00cdS\u00a0LEGAL Aquesta p\u00e0gina web es propietat de Piteu, SL amb [&hellip;]\" \/>\n<meta property=\"og:url\" content=\"https:\/\/hostalpiteus.com\/aviso-legal-y-politica-de-privacidad\/\" \/>\n<meta property=\"og:site_name\" content=\"Hostel Piteus - Spa - Apartamentos de montaa\" \/>\n<meta property=\"article:publisher\" content=\"https:\/\/www.facebook.com\/hotelpiteusapartaments\" \/>\n<meta property=\"og:image\" content=\"https:\/\/hostalpiteus.com\/wp-content\/uploads\/2024\/06\/300059817_468617488607520_4277117401629341105_n.jpg\" \/>\n\t<meta property=\"og:image:width\" content=\"960\" \/>\n\t<meta property=\"og:image:height\" content=\"365\" \/>\n\t<meta property=\"og:image:type\" content=\"image\/jpeg\" \/>\n<meta name=\"twitter:card\" content=\"summary_large_image\" \/>\n<meta name=\"twitter:label1\" content=\"Temps estimat de lectura\" \/>\n\t<meta name=\"twitter:data1\" content=\"8 minuts\" \/>\n<script type=\"application\/ld+json\" class=\"yoast-schema-graph\">{\"@context\":\"https:\\\/\\\/schema.org\",\"@graph\":[{\"@type\":\"WebPage\",\"@id\":\"https:\\\/\\\/hostalpiteus.com\\\/aviso-legal-y-politica-de-privacidad\\\/\",\"url\":\"https:\\\/\\\/hostalpiteus.com\\\/aviso-legal-y-politica-de-privacidad\\\/\",\"name\":\"Av\u00eds legal i pol\u00edtica de privacitat - Hostel Piteus - Spa - Apartamentos de montaa\",\"isPartOf\":{\"@id\":\"https:\\\/\\\/hostalpiteus.com\\\/#website\"},\"datePublished\":\"2020-12-17T18:12:11+00:00\",\"breadcrumb\":{\"@id\":\"https:\\\/\\\/hostalpiteus.com\\\/aviso-legal-y-politica-de-privacidad\\\/#breadcrumb\"},\"inLanguage\":\"ca\",\"potentialAction\":[{\"@type\":\"ReadAction\",\"target\":[\"https:\\\/\\\/hostalpiteus.com\\\/aviso-legal-y-politica-de-privacidad\\\/\"]}]},{\"@type\":\"BreadcrumbList\",\"@id\":\"https:\\\/\\\/hostalpiteus.com\\\/aviso-legal-y-politica-de-privacidad\\\/#breadcrumb\",\"itemListElement\":[{\"@type\":\"ListItem\",\"position\":1,\"name\":\"Portada\",\"item\":\"https:\\\/\\\/hostalpiteus.com\\\/\"},{\"@type\":\"ListItem\",\"position\":2,\"name\":\"Av\u00eds legal i pol\u00edtica de privacitat\"}]},{\"@type\":\"WebSite\",\"@id\":\"https:\\\/\\\/hostalpiteus.com\\\/#website\",\"url\":\"https:\\\/\\\/hostalpiteus.com\\\/\",\"name\":\"Hotel Piteus en la Vall de Lord en Lleida\",\"description\":\"Hotel Piteus, spa, apartaments de muntanya a Sant Lloren\u00e7 de Morunys, Solson\u00e8s la Vall de Lord story, beautifully told - Created with WordPress managed by IONOS\",\"publisher\":{\"@id\":\"https:\\\/\\\/hostalpiteus.com\\\/#organization\"},\"alternateName\":\"Hotel Piteus\",\"potentialAction\":[{\"@type\":\"SearchAction\",\"target\":{\"@type\":\"EntryPoint\",\"urlTemplate\":\"https:\\\/\\\/hostalpiteus.com\\\/?s={search_term_string}\"},\"query-input\":{\"@type\":\"PropertyValueSpecification\",\"valueRequired\":true,\"valueName\":\"search_term_string\"}}],\"inLanguage\":\"ca\"},{\"@type\":\"Organization\",\"@id\":\"https:\\\/\\\/hostalpiteus.com\\\/#organization\",\"name\":\"Hotel Piteus en la Vall de Lord en Lleida\",\"alternateName\":\"Hotel Piteus\",\"url\":\"https:\\\/\\\/hostalpiteus.com\\\/\",\"logo\":{\"@type\":\"ImageObject\",\"inLanguage\":\"ca\",\"@id\":\"https:\\\/\\\/hostalpiteus.com\\\/#\\\/schema\\\/logo\\\/image\\\/\",\"url\":\"https:\\\/\\\/hostalpiteus.com\\\/wp-content\\\/uploads\\\/2024\\\/06\\\/Hotel-Piteus-en-la-Vall-de-Lord-en-Lleida-logo.jpg\",\"contentUrl\":\"https:\\\/\\\/hostalpiteus.com\\\/wp-content\\\/uploads\\\/2024\\\/06\\\/Hotel-Piteus-en-la-Vall-de-Lord-en-Lleida-logo.jpg\",\"width\":643,\"height\":643,\"caption\":\"Hotel Piteus en la Vall de Lord en Lleida\"},\"image\":{\"@id\":\"https:\\\/\\\/hostalpiteus.com\\\/#\\\/schema\\\/logo\\\/image\\\/\"},\"sameAs\":[\"https:\\\/\\\/www.facebook.com\\\/hotelpiteusapartaments\",\"https:\\\/\\\/www.instagram.com\\\/hotelpiteus_apartaments\\\/\"]}]}<\/script>\n<!-- \/ Yoast SEO plugin. -->","yoast_head_json":{"title":"Av\u00eds legal i pol\u00edtica de privacitat - Hostel Piteus - Spa - Apartamentos de montaa","robots":{"index":"index","follow":"follow","max-snippet":"max-snippet:-1","max-image-preview":"max-image-preview:large","max-video-preview":"max-video-preview:-1"},"canonical":"https:\/\/hostalpiteus.com\/aviso-legal-y-politica-de-privacidad\/","og_locale":"ca_ES","og_type":"article","og_title":"Av\u00eds legal i pol\u00edtica de privacitat - Hostel Piteus - Spa - Apartamentos de montaa","og_description":"AV\u00cdS\u00a0LEGAL Aquesta p\u00e0gina web es propietat de Piteu, SL amb [&hellip;]","og_url":"https:\/\/hostalpiteus.com\/aviso-legal-y-politica-de-privacidad\/","og_site_name":"Hostel Piteus - Spa - Apartamentos de montaa","article_publisher":"https:\/\/www.facebook.com\/hotelpiteusapartaments","og_image":[{"width":960,"height":365,"url":"https:\/\/hostalpiteus.com\/wp-content\/uploads\/2024\/06\/300059817_468617488607520_4277117401629341105_n.jpg","type":"image\/jpeg"}],"twitter_card":"summary_large_image","twitter_misc":{"Temps estimat de lectura":"8 minuts"},"schema":{"@context":"https:\/\/schema.org","@graph":[{"@type":"WebPage","@id":"https:\/\/hostalpiteus.com\/aviso-legal-y-politica-de-privacidad\/","url":"https:\/\/hostalpiteus.com\/aviso-legal-y-politica-de-privacidad\/","name":"Av\u00eds legal i pol\u00edtica de privacitat - Hostel Piteus - Spa - Apartamentos de montaa","isPartOf":{"@id":"https:\/\/hostalpiteus.com\/#website"},"datePublished":"2020-12-17T18:12:11+00:00","breadcrumb":{"@id":"https:\/\/hostalpiteus.com\/aviso-legal-y-politica-de-privacidad\/#breadcrumb"},"inLanguage":"ca","potentialAction":[{"@type":"ReadAction","target":["https:\/\/hostalpiteus.com\/aviso-legal-y-politica-de-privacidad\/"]}]},{"@type":"BreadcrumbList","@id":"https:\/\/hostalpiteus.com\/aviso-legal-y-politica-de-privacidad\/#breadcrumb","itemListElement":[{"@type":"ListItem","position":1,"name":"Portada","item":"https:\/\/hostalpiteus.com\/"},{"@type":"ListItem","position":2,"name":"Av\u00eds legal i pol\u00edtica de privacitat"}]},{"@type":"WebSite","@id":"https:\/\/hostalpiteus.com\/#website","url":"https:\/\/hostalpiteus.com\/","name":"Hotel Piteus en la Vall de Lord en Lleida","description":"Hotel Piteus, spa, apartaments de muntanya a Sant Lloren\u00e7 de Morunys, Solson\u00e8s la Vall de Lord story, beautifully told - Created with WordPress managed by IONOS","publisher":{"@id":"https:\/\/hostalpiteus.com\/#organization"},"alternateName":"Hotel Piteus","potentialAction":[{"@type":"SearchAction","target":{"@type":"EntryPoint","urlTemplate":"https:\/\/hostalpiteus.com\/?s={search_term_string}"},"query-input":{"@type":"PropertyValueSpecification","valueRequired":true,"valueName":"search_term_string"}}],"inLanguage":"ca"},{"@type":"Organization","@id":"https:\/\/hostalpiteus.com\/#organization","name":"Hotel Piteus en la Vall de Lord en Lleida","alternateName":"Hotel Piteus","url":"https:\/\/hostalpiteus.com\/","logo":{"@type":"ImageObject","inLanguage":"ca","@id":"https:\/\/hostalpiteus.com\/#\/schema\/logo\/image\/","url":"https:\/\/hostalpiteus.com\/wp-content\/uploads\/2024\/06\/Hotel-Piteus-en-la-Vall-de-Lord-en-Lleida-logo.jpg","contentUrl":"https:\/\/hostalpiteus.com\/wp-content\/uploads\/2024\/06\/Hotel-Piteus-en-la-Vall-de-Lord-en-Lleida-logo.jpg","width":643,"height":643,"caption":"Hotel Piteus en la Vall de Lord en Lleida"},"image":{"@id":"https:\/\/hostalpiteus.com\/#\/schema\/logo\/image\/"},"sameAs":["https:\/\/www.facebook.com\/hotelpiteusapartaments","https:\/\/www.instagram.com\/hotelpiteus_apartaments\/"]}]}},"_links":{"self":[{"href":"https:\/\/hostalpiteus.com\/ca\/wp-json\/wp\/v2\/pages\/3265","targetHints":{"allow":["GET"]}}],"collection":[{"href":"https:\/\/hostalpiteus.com\/ca\/wp-json\/wp\/v2\/pages"}],"about":[{"href":"https:\/\/hostalpiteus.com\/ca\/wp-json\/wp\/v2\/types\/page"}],"author":[{"embeddable":true,"href":"https:\/\/hostalpiteus.com\/ca\/wp-json\/wp\/v2\/users\/1"}],"replies":[{"embeddable":true,"href":"https:\/\/hostalpiteus.com\/ca\/wp-json\/wp\/v2\/comments?post=3265"}],"version-history":[{"count":0,"href":"https:\/\/hostalpiteus.com\/ca\/wp-json\/wp\/v2\/pages\/3265\/revisions"}],"wp:attachment":[{"href":"https:\/\/hostalpiteus.com\/ca\/wp-json\/wp\/v2\/media?parent=3265"}],"curies":[{"name":"wp","href":"https:\/\/api.w.org\/{rel}","templated":true}]}}